{"id":285,"date":"2021-07-07T18:13:55","date_gmt":"2021-07-07T16:13:55","guid":{"rendered":"https:\/\/www.kraus-translation.at\/?page_id=285"},"modified":"2021-07-09T18:01:14","modified_gmt":"2021-07-09T16:01:14","slug":"services","status":"publish","type":"page","link":"https:\/\/www.kraus-translation.at\/en\/services\/","title":{"rendered":"Services"},"content":{"rendered":"<section class=\"l-section wpb_row height_medium with_shape\"><div class=\"l-section-shape type_custom pos_bottom\" style=\"height:auto;\"><?xml version=\"1.0\" encoding=\"UTF-8\" standalone=\"no\"?>\n<!DOCTYPE svg PUBLIC \"-\/\/W3C\/\/DTD SVG 1.1\/\/EN\" \"http:\/\/www.w3.org\/Graphics\/SVG\/1.1\/DTD\/svg11.dtd\">\n<svg width=\"100%\" height=\"100%\" viewBox=\"0 0 1500 90\" version=\"1.1\" xmlns=\"http:\/\/www.w3.org\/2000\/svg\" xmlns:xlink=\"http:\/\/www.w3.org\/1999\/xlink\" xml:space=\"preserve\" xmlns:serif=\"http:\/\/www.serif.com\/\" style=\"fill-rule:evenodd;clip-rule:evenodd;stroke-linejoin:round;stroke-miterlimit:2;\">\n    <g transform=\"matrix(1,0,0,-1,0,990.5)\">\n        <path d=\"M2,990L0,990L0,900.849L1500,900.849L1500,945L1497,946C1496,946 1494,946 1492,945C1491,945 1488,944 1487,944C1484,944 1483,943 1481,939C1479,937 1478,935 1477,935C1477,935 1475,937 1473,939L1469,942L1466,939L1463,937L1463,938C1462,938 1462,939 1462,941L1462,943L1460,944C1460,944 1458,944 1456,943C1453,942 1453,942 1450,944C1446,947 1444,947 1442,943C1440,941 1439,940 1439,940C1438,940 1436,941 1434,942C1432,944 1430,945 1430,944C1429,944 1428,942 1428,939L1427,935L1426,935C1425,935 1423,938 1423,941C1423,942 1422,943 1419,944L1415,946L1413,944C1411,942 1412,937 1414,936L1416,935L1406,935L1405,939C1405,941 1404,943 1403,943L1401,943L1400,941L1400,938L1399,938C1399,938 1397,940 1396,942C1393,948 1389,950 1388,950L1386,949L1386,946C1386,943 1387,941 1389,939L1393,935L1383,935L1383,937L1380,937C1378,937 1377,937 1377,936C1376,935 1374,935 1371,935L1367,935L1368,936C1369,937 1369,939 1368,941L1367,944L1363,944L1363,935L1351,935C1339,935 1338,935 1337,937L1336,939L1338,940C1341,942 1344,941 1347,938L1350,936L1356,940L1354,940C1353,941 1351,941 1349,942C1347,942 1345,943 1344,945L1342,947L1337,944C1335,943 1332,941 1330,940L1328,938L1326,939C1324,942 1323,941 1318,938C1315,936 1313,935 1312,935L1311,935L1311,937C1309,940 1310,941 1313,943L1316,944L1313,944C1312,943 1306,945 1298,948C1290,951 1284,952 1282,952L1239,952C1238,951 1237,951 1236,952C1234,954 1233,954 1228,953C1225,952 1224,952 1216,955C1207,957 1207,957 1201,955C1193,952 1192,952 1186,956C1180,958 1180,958 1176,957C1173,955 1172,955 1168,956L1164,958L1162,957C1161,955 1160,955 1154,957L1149,959L1148,957C1146,954 1144,955 1132,958C1123,961 1123,961 1119,959C1115,957 1114,957 1111,958C1109,960 1107,960 1104,959C1102,959 1099,959 1097,960C1094,961 1091,961 1085,959C1078,958 1077,958 1071,960C1066,962 1064,962 1060,961C1056,960 1054,960 1051,961C1047,962 1046,962 1041,961C1037,959 1036,959 1026,961C1017,963 1016,963 1012,961C1008,960 1007,960 1005,961C1003,962 989,962 987,961L986,960L983,962C981,964 981,964 974,962C966,960 964,959 961,962C959,964 957,964 951,964C947,964 944,964 943,963L943,962L939,962C937,963 934,964 933,965C930,966 929,966 927,965C923,962 918,963 917,965L916,967L909,965C903,963 902,963 897,965C892,966 890,966 884,965C878,964 876,964 874,965C872,966 870,966 868,965C867,964 865,964 865,965C864,966 862,966 860,965C859,965 856,965 855,966C854,967 852,966 849,966C845,965 843,965 840,966C837,968 834,968 832,967C828,966 817,967 814,969L812,970L809,969C807,967 806,967 803,968L787,968C781,971 780,971 778,969C775,968 774,968 771,969C769,970 767,970 761,969C752,968 748,968 743,969C741,970 739,970 737,969C734,968 734,968 732,970L729,972L724,968C721,965 718,963 717,963C716,963 712,964 709,965C701,968 700,968 696,964C691,960 687,960 682,963C679,964 677,965 675,964C673,964 672,964 670,966L668,969L665,967C664,966 662,965 660,965L658,966L658,962L655,961C654,961 653,962 652,963L650,965L649,965C647,963 645,958 645,954C646,952 646,949 646,948L647,946L642,945L637,945L637,953L631,953L631,945L624,945L624,942C624,939 623,938 621,937C619,936 618,935 618,935L617,935L617,939L615,940C614,940 612,939 610,938C607,934 605,934 604,937L603,939L606,940L609,940L609,942C608,942 608,944 608,944L608,945L604,945L604,940L603,940C602,939 599,939 597,940L594,940L594,938L595,935L592,935C591,935 589,936 587,937L585,939L585,937L584,935L581,935L581,936C581,937 582,938 583,940C584,941 585,942 584,943L584,945L583,945C582,945 578,940 577,937L577,935L570,935L570,937C569,941 570,946 572,948L574,950L573,951C572,951 570,951 568,950C566,949 566,948 566,944C566,939 565,938 562,937C561,936 559,937 555,940C549,945 547,946 543,943C540,940 539,940 538,944C536,947 533,948 531,945L530,944L527,946L525,948L524,947C523,946 523,944 523,942L523,939L522,939C522,939 521,940 519,940C516,942 511,941 502,938C495,934 495,934 492,938C488,942 480,947 478,947C477,947 476,946 475,946L474,945L471,946C469,947 468,947 465,946C463,944 462,943 462,940L462,937L463,937C464,937 466,938 467,940C468,941 470,942 470,942C471,942 474,937 474,936L474,935L456,935L455,938C454,940 454,942 454,944C454,946 451,948 448,948L446,948L446,945L452,945L451,943C451,942 450,941 449,940L447,938L443,942C441,944 439,947 438,948L436,951L432,946C430,944 428,941 428,940C428,939 430,938 432,937L436,935L421,935L420,938C419,942 417,946 416,946C416,946 414,944 413,942C411,937 410,936 408,939C407,940 406,941 406,941L405,941L405,938L406,935L390,935L390,937C390,938 390,939 391,940L392,940L393,939C394,938 395,938 396,939L398,939L398,940C398,941 397,942 396,943L393,944L387,938L385,940C382,943 383,944 385,949L387,952L385,954C384,955 381,956 379,956L376,956L374,950L370,950C367,950 366,950 364,953C362,956 362,956 358,956C355,956 354,956 353,958L352,959L347,954L345,956C343,959 343,959 337,955C331,951 329,951 323,958L318,964L316,962C315,961 314,960 314,959L314,958L310,958L310,961L311,964L305,966C305,967 306,968 307,970L308,973L299,973L299,971C299,970 300,969 300,968L301,967L300,966C297,964 295,965 293,967L292,970L290,969C288,968 286,969 277,973C267,978 263,979 262,977C261,975 257,976 254,978C251,981 250,981 245,976C242,974 239,972 239,972L237,972L237,973C236,974 237,976 237,978L237,981L233,981C231,980 229,980 228,980L227,980L228,978C229,977 229,976 229,975L229,974L226,973C224,972 223,972 222,972L221,975C220,977 219,979 219,979L217,980L215,977C212,974 208,974 205,978C202,980 199,981 198,979L197,979L199,977L200,975L199,974C198,973 196,973 193,974C190,974 189,974 187,972C186,971 185,970 184,970L183,970L181,976L177,976C173,975 172,975 169,978L166,981L166,975L165,975C164,975 163,977 162,980C160,984 160,984 153,984L147,984L145,978L144,978C143,978 143,978 143,979C142,980 141,980 141,980L140,980L140,978C140,974 138,972 135,972C133,972 131,972 131,971L129,971L129,974L132,975L134,976L134,978C134,978 134,980 133,981C132,984 124,984 120,981L117,980L115,982L112,984L108,980L107,981C105,983 102,982 99,980C97,978 96,978 89,982C84,985 83,985 76,985C69,985 67,985 65,986C62,988 61,988 57,987C49,985 33,986 28,989C24,991 24,991 20,989C17,988 16,988 14,989C10,990 5,991 2,990ZM225,966C225,966 224,964 223,963L220,960L218,960L217,961L220,964C222,966 224,967 224,967L225,967L225,966ZM284,959C284,958 283,958 282,958L280,958L280,961L282,960L285,960L284,959ZM199,959L199,953L198,952L196,953C196,954 195,956 195,957L195,960L197,960L199,959ZM665,956L666,955L663,953L661,950L658,953C657,954 656,956 656,957L656,958L660,957C663,957 665,956 665,956ZM353,950C356,949 356,944 353,943L351,942L350,943C348,945 349,951 351,951C351,951 352,951 353,950ZM222,942C223,940 224,938 224,937L224,935L222,935C220,935 217,938 217,941C217,942 220,945 221,945C221,945 222,944 222,942ZM346,943C346,942 347,940 349,938L351,935L339,935L339,937C339,940 342,945 344,945L346,945L346,943ZM266,940C267,939 269,938 270,938L272,938L272,937C271,937 269,936 267,935C264,935 263,935 261,938L258,940L259,941C260,943 263,942 266,940ZM382,938L382,936C381,936 375,938 374,939L373,940L381,940L382,938ZM488,937C490,937 491,936 491,935L481,935L481,939L483,939C484,939 486,938 488,937ZM444,937L445,935L440,935L440,936C440,937 441,938 443,938L444,938L444,937ZM330,963L328,963L329,961C330,961 331,960 333,960L335,960L335,961C335,962 333,964 332,964C332,964 331,964 330,963ZM371,963C370,963 370,962 370,962L370,961L376,961L376,962C375,964 372,964 371,963ZM1372,950L1371,950L1371,949C1371,948 1372,947 1372,946L1373,945L1375,946C1376,947 1377,947 1377,948C1377,949 1374,951 1372,950ZM492,947C492,945 494,943 497,940L500,939L499,943C497,946 495,949 493,949L492,949L492,947Z\" style=\"fill:rgb(197,40,117);fill-rule:nonzero;\"\/>\n    <\/g>\n<\/svg>\n<\/div><div class=\"l-section-h i-cf\"><div class=\"g-cols vc_row via_flex valign_top type_default stacking_default\"><div class=\"vc_col-sm-12 wpb_column vc_column_container us_animate_aft\"><div class=\"vc_column-inner\"><div class=\"wpb_wrapper\"><div class=\"wpb_text_column\"><div class=\"wpb_wrapper\"><h1>KRAUS TRANSLATES<br \/>\n<span style=\"color: #ffffff;\">Your translation agency in Graz<\/span><\/h1>\n<p>Language means for me passion, culture, identity, and much more. For what makes a language unique is often what lies between the lines.<\/p>\n<p>To best express these subtleties for you across all media, I rely not only on my professional expertise but also my many years of experience and my excellent feel for the language.<\/p>\n<p>I love digging into the details for my clients. Together with my team of trained native speakers, I search through suitable terms until I find exactly the right word for the right situation.<\/p>\n<p>You will find this level of quality in every line.<\/p>\n<\/div><\/div><div class=\"w-separator size_huge\"><\/div><\/div><\/div><\/div><\/div><\/div><\/section><section class=\"l-section wpb_row height_medium color_alternate\"><div class=\"l-section-h i-cf\"><div class=\"g-cols vc_row via_flex valign_top type_boxes stacking_default\"><div class=\"vc_col-sm-12 wpb_column vc_column_container us_animate_wfc\"><div class=\"vc_column-inner\"><div class=\"wpb_wrapper\"><div class=\"wpb_text_column us_custom_c18d4dac\"><div class=\"wpb_wrapper\"><h2 class=\"h1\" style=\"text-align: center;\">\u201cThe difference between the <span style=\"color: #f6b5c5;\">almost right word <\/span>and the <span style=\"color: #f6b5c5;\">right word<\/span> is the <span style=\"color: #f6b5c5;\">difference<\/span> between the <span style=\"color: #f6b5c5;\">lightning-bug<\/span> and <span style=\"color: #f6b5c5;\">the lightning<\/span>.\u201d<\/h2>\n<p style=\"text-align: center;\"><span style=\"color: #f6b5c5;\">Mark Twain<\/span><\/p>\n<\/div><\/div><\/div><\/div><\/div><\/div><\/div><\/section><section class=\"l-section wpb_row us_custom_4fb9e5a3 height_medium\" id=\"uebersetzungen\"><div class=\"l-section-h i-cf\"><div class=\"g-cols vc_row via_flex valign_top type_default stacking_default\"><div class=\"vc_col-sm-12 wpb_column vc_column_container us_animate_aft\"><div class=\"vc_column-inner\"><div class=\"wpb_wrapper\"><div class=\"wpb_text_column\"><div class=\"wpb_wrapper\"><h2>Translation<\/h2>\n<\/div><\/div><div class=\"w-separator size_small\"><\/div><\/div><\/div><\/div><div class=\"vc_col-sm-6 wpb_column vc_column_container us_animate_afl\"><div class=\"vc_column-inner\"><div class=\"wpb_wrapper\"><div class=\"wpb_text_column\"><div class=\"wpb_wrapper\"><p>In the language pairs German-English and English-German, my team and I offer you expert translations with pinpoint accuracy. The main focus of my translation services is on the fields of medicine, industry, adult education, tourism, and marketing.<\/p>\n<p>Together with my network of fellow translators, I can also provide services for multilingual projects (for instance, websites in English, Italian, and French).<\/p>\n<\/div><\/div><\/div><\/div><\/div><div class=\"vc_col-sm-6 wpb_column vc_column_container us_animate_afr\"><div class=\"vc_column-inner\"><div class=\"wpb_wrapper\"><div class=\"wpb_text_column\"><div class=\"wpb_wrapper\"><p><strong>Do you need a translation from German to English or vice versa?<\/strong><\/p>\n<p>Then the best way is to simply send me your text as a Word document or PDF and let me know your preferred deadline. I will then send you a quote based on my standard line price as soon as possible.<\/p>\n<\/div><\/div><div class=\"w-btn-wrapper align_none\"><a class=\"w-btn us-btn-style_2\" title=\"Jetzt anfragen\" href=\"https:\/\/www.kraus-translation.at\/en\/get-a-quote\/\"><span class=\"w-btn-label\">Get a quote<\/span><\/a><\/div><\/div><\/div><\/div><\/div><\/div><\/section><section class=\"l-section wpb_row us_custom_4fb9e5a3 height_medium\" id=\"lektorat\"><div class=\"l-section-h i-cf\"><div class=\"g-cols vc_row via_flex valign_top type_default stacking_default\"><div class=\"vc_col-sm-12 wpb_column vc_column_container us_animate_aft\"><div class=\"vc_column-inner\"><div class=\"wpb_wrapper\"><div class=\"wpb_text_column\"><div class=\"wpb_wrapper\"><h2>Editing\/Proofreading<\/h2>\n<\/div><\/div><div class=\"w-separator size_small\"><\/div><\/div><\/div><\/div><div class=\"vc_col-sm-6 wpb_column vc_column_container us_animate_afl\"><div class=\"vc_column-inner\"><div class=\"wpb_wrapper\"><div class=\"wpb_text_column\"><div class=\"wpb_wrapper\"><p>Do you never find time to proofread your company templates? Are you tired of unnecessary typos or poorly constructed sentences in your mailings or translations?<\/p>\n<p>With an eagle eye for detail and a feel for nuances of style and expression, I ensure that your texts gleam with the luster of perfection. Depending on your wishes and needs, my services can extend from just proofreading (checking for spelling and grammar) to more extensive editing. In the latter case, you will receive suggestions from me on wording, logical consistency, and style.<\/p>\n<\/div><\/div><\/div><\/div><\/div><div class=\"vc_col-sm-6 wpb_column vc_column_container us_animate_afr\"><div class=\"vc_column-inner\"><div class=\"wpb_wrapper\"><div class=\"wpb_text_column\"><div class=\"wpb_wrapper\"><p><strong>Send me your text documents, and I will promptly send you a quote for editing, proofreading, or both.<\/strong><\/p>\n<\/div><\/div><div class=\"w-btn-wrapper align_none\"><a class=\"w-btn us-btn-style_2\" title=\"Jetzt anfragen\" href=\"https:\/\/www.kraus-translation.at\/en\/get-a-quote\/\"><span class=\"w-btn-label\">Get a quote<\/span><\/a><\/div><\/div><\/div><\/div><\/div><\/div><\/section><section class=\"l-section wpb_row us_custom_4fb9e5a3 height_medium\" id=\"sprachtraining\"><div class=\"l-section-h i-cf\"><div class=\"g-cols vc_row via_flex valign_top type_default stacking_default\"><div class=\"vc_col-sm-12 wpb_column vc_column_container us_animate_aft\"><div class=\"vc_column-inner\"><div class=\"wpb_wrapper\"><div class=\"wpb_text_column\"><div class=\"wpb_wrapper\"><h2>Language and Grammar Training<\/h2>\n<h4><span style=\"color: #f6b5c5;\">in German and English<\/span><\/h4>\n<\/div><\/div><div class=\"w-separator size_small\"><\/div><\/div><\/div><\/div><div class=\"vc_col-sm-6 wpb_column vc_column_container us_animate_afl\"><div class=\"vc_column-inner\"><div class=\"wpb_wrapper\"><div class=\"wpb_text_column\"><div class=\"wpb_wrapper\"><p>Do you feel uncomfortable making professional phone calls in German, or would you be interested in customized sample emails in English for your business correspondence? Are you supposed to give a corporate presentation in German or English and you\u2019re still not sure what words to use?<\/p>\n<\/div><\/div><\/div><\/div><\/div><div class=\"vc_col-sm-6 wpb_column vc_column_container us_animate_afr\"><div class=\"vc_column-inner\"><div class=\"wpb_wrapper\"><div class=\"wpb_text_column\"><div class=\"wpb_wrapper\"><p>For years, I\u2019ve been helping people of all levels improve their command of the German and English language. In addition, I have also been teaching &#8220;German as a Foreign Language&#8221; participants to communicate in German professionally and error free.<\/p>\n<\/div><\/div><div class=\"w-btn-wrapper align_none\"><a class=\"w-btn us-btn-style_2\" title=\"Jetzt anfragen\" href=\"https:\/\/www.kraus-translation.at\/en\/get-a-quote\/\"><span class=\"w-btn-label\">Get a quote<\/span><\/a><\/div><\/div><\/div><\/div><div class=\"vc_col-sm-12 wpb_column vc_column_container\"><div class=\"vc_column-inner\"><div class=\"wpb_wrapper\"><div class=\"w-separator size_medium\"><\/div><div class=\"w-image align_center\"><div class=\"w-image-h\"><img decoding=\"async\" width=\"1140\" height=\"605\" src=\"https:\/\/www.kraus-translation.at\/wp-content\/uploads\/2021\/06\/sprachtraining.jpg\" class=\"attachment-full size-full\" alt=\"\" loading=\"lazy\" srcset=\"https:\/\/www.kraus-translation.at\/wp-content\/uploads\/2021\/06\/sprachtraining.jpg 1140w, https:\/\/www.kraus-translation.at\/wp-content\/uploads\/2021\/06\/sprachtraining-300x159.jpg 300w, https:\/\/www.kraus-translation.at\/wp-content\/uploads\/2021\/06\/sprachtraining-1024x543.jpg 1024w\" sizes=\"auto, (max-width: 1140px) 100vw, 1140px\" \/><\/div><\/div><div class=\"w-separator size_medium\"><\/div><\/div><\/div><\/div><\/div><\/div><\/section><section class=\"l-section wpb_row us_custom_4fb9e5a3 height_medium\" id=\"oesid-pruefung\"><div class=\"l-section-h i-cf\"><div class=\"g-cols vc_row via_flex valign_top type_default stacking_default\"><div class=\"vc_col-sm-12 wpb_column vc_column_container us_animate_aft\"><div class=\"vc_column-inner\"><div class=\"wpb_wrapper\"><div class=\"wpb_text_column\"><div class=\"wpb_wrapper\"><h2>\u00d6SD\/\u00d6IF Test Preparation<\/h2>\n<h4><span style=\"color: #f6b5c5;\">(Austrian Language Diploma\/Austrian Integration Fund)<\/span><\/h4>\n<\/div><\/div><div class=\"w-separator size_small\"><\/div><\/div><\/div><\/div><div class=\"vc_col-sm-6 wpb_column vc_column_container us_animate_afl\"><div class=\"vc_column-inner\"><div class=\"wpb_wrapper\"><div class=\"wpb_text_column\"><div class=\"wpb_wrapper\"><p>Are you studying for an upcoming \u00d6SD or \u00d6IF exam and need individual assistance? As a certified examiner for \u00d6SD (all levels) and \u00d6IF (DT\u00d6\/B1 integration exam), I can get you best prepared for the written and oral sections of the exam.<\/p>\n<p>In my one-on-one or group training sessions, I rely on my many years of teaching experience at the University of Graz (English, Deutsch als Fremdsprache\/German as a Foreign Language) and at private language schools.<\/p>\n<\/div><\/div><\/div><\/div><\/div><div class=\"vc_col-sm-6 wpb_column vc_column_container us_animate_afr\"><div class=\"vc_column-inner\"><div class=\"wpb_wrapper\"><div class=\"wpb_text_column\"><div class=\"wpb_wrapper\"><p><strong>No matter what communication challenge you are facing, we are sure to find a customized solution that meets your needs.<\/strong><\/p>\n<\/div><\/div><div class=\"w-btn-wrapper align_none\"><a class=\"w-btn us-btn-style_2\" title=\"Jetzt anfragen\" href=\"https:\/\/www.kraus-translation.at\/en\/get-a-quote\/\"><span class=\"w-btn-label\">Get a quote<\/span><\/a><\/div><\/div><\/div><\/div><\/div><\/div><\/section><section class=\"l-section wpb_row us_custom_4fb9e5a3 height_medium\" id=\"zusammenfassungen\"><div class=\"l-section-h i-cf\"><div class=\"g-cols vc_row via_flex valign_top type_default stacking_default\"><div class=\"vc_col-sm-12 wpb_column vc_column_container us_animate_aft\"><div class=\"vc_column-inner\"><div class=\"wpb_wrapper\"><div class=\"wpb_text_column\"><div class=\"wpb_wrapper\"><h2><strong>Abstracts<\/strong><\/h2>\n<\/div><\/div><div class=\"w-separator size_small\"><\/div><\/div><\/div><\/div><div class=\"vc_col-sm-6 wpb_column vc_column_container us_animate_afl\"><div class=\"vc_column-inner\"><div class=\"wpb_wrapper\"><div class=\"wpb_text_column\"><div class=\"wpb_wrapper\"><p>In our fast-paced business world, things must often be done quickly. Sometimes an abstract is a lot more useful than translating a lengthy text line by line. Abstracts are mainly used when it\u2019s a matter of conveying the gist of the content.<\/p>\n<p>Depending on your requirements, I offer my abstract service either in the source language or the desired target language. Thus, in no time, you have a clear and easily understandable summary that you can use for presentations or to study.<\/p>\n<\/div><\/div><\/div><\/div><\/div><div class=\"vc_col-sm-6 wpb_column vc_column_container us_animate_afr\"><div class=\"vc_column-inner\"><div class=\"wpb_wrapper\"><div class=\"wpb_text_column\"><div class=\"wpb_wrapper\"><p><strong>Send me your text document either in Word or PDF and I will send you a customized quote.<\/strong><\/p>\n<\/div><\/div><div class=\"w-btn-wrapper align_none\"><a class=\"w-btn us-btn-style_2\" title=\"Jetzt anfragen\" href=\"https:\/\/www.kraus-translation.at\/en\/get-a-quote\/\"><span class=\"w-btn-label\">Get a quote<\/span><\/a><\/div><\/div><\/div><\/div><\/div><\/div><\/section><section class=\"l-section wpb_row us_custom_4fb9e5a3 height_medium\" id=\"sprecherin\"><div class=\"l-section-h i-cf\"><div class=\"g-cols vc_row via_flex valign_top type_default stacking_default\"><div class=\"vc_col-sm-12 wpb_column vc_column_container us_animate_aft\"><div class=\"vc_column-inner\"><div class=\"wpb_wrapper\"><div class=\"wpb_text_column\"><div class=\"wpb_wrapper\"><h2><strong>Voice-over Artist<\/strong><\/h2>\n<\/div><\/div><div class=\"w-separator size_small\"><\/div><\/div><\/div><\/div><div class=\"vc_col-sm-6 wpb_column vc_column_container us_animate_afl\"><div class=\"vc_column-inner\"><div class=\"wpb_wrapper\"><div class=\"wpb_text_column\"><div class=\"wpb_wrapper\"><p>Language in a written and a spoken form is my passion\u2014and I derive great pleasure in offering my voice to my clients. For I believe that it\u2019s not just what you say, but how you say it that shapes the image of your company, or the associations people make with your products and services.<\/p>\n<p>As a voice-over artist for commercials, jingles, telephone messages, or audio books, I lend my voice to your projects.<\/p>\n<\/div><\/div><\/div><\/div><\/div><div class=\"vc_col-sm-6 wpb_column vc_column_container us_animate_afr\"><div class=\"vc_column-inner\"><div class=\"wpb_wrapper\"><div class=\"wpb_text_column\"><div class=\"wpb_wrapper\"><p>You want to make your recordings in a professional recording studio? Together with Soundlarge Studios in Graz, I can coordinate the whole process from the original idea to the final recording.<\/p>\n<p><strong>Want to make your voice heard? Then let me speak for you. <\/strong><\/p>\n<\/div><\/div><div class=\"w-btn-wrapper align_none\"><a class=\"w-btn us-btn-style_2\" title=\"Jetzt anfragen\" href=\"https:\/\/www.kraus-translation.at\/en\/get-a-quote\/\"><span class=\"w-btn-label\">Get a quote<\/span><\/a><\/div><\/div><\/div><\/div><\/div><\/div><\/section>\n","protected":false},"excerpt":{"rendered":"KRAUS TRANSLATES Your translation agency in Graz Language means for me passion, culture, identity, and much more. For what makes a language unique is often what lies between the lines. To best express these subtleties for you across all media, I rely not only on my professional expertise but also my many years of experience...","protected":false},"author":1,"featured_media":0,"parent":0,"menu_order":0,"comment_status":"closed","ping_status":"closed","template":"","meta":{"footnotes":""},"class_list":["post-285","page","type-page","status-publish","hentry"],"_links":{"self":[{"href":"https:\/\/www.kraus-translation.at\/en\/wp-json\/wp\/v2\/pages\/285","targetHints":{"allow":["GET"]}}],"collection":[{"href":"https:\/\/www.kraus-translation.at\/en\/wp-json\/wp\/v2\/pages"}],"about":[{"href":"https:\/\/www.kraus-translation.at\/en\/wp-json\/wp\/v2\/types\/page"}],"author":[{"embeddable":true,"href":"https:\/\/www.kraus-translation.at\/en\/wp-json\/wp\/v2\/users\/1"}],"replies":[{"embeddable":true,"href":"https:\/\/www.kraus-translation.at\/en\/wp-json\/wp\/v2\/comments?post=285"}],"version-history":[{"count":7,"href":"https:\/\/www.kraus-translation.at\/en\/wp-json\/wp\/v2\/pages\/285\/revisions"}],"predecessor-version":[{"id":301,"href":"https:\/\/www.kraus-translation.at\/en\/wp-json\/wp\/v2\/pages\/285\/revisions\/301"}],"wp:attachment":[{"href":"https:\/\/www.kraus-translation.at\/en\/wp-json\/wp\/v2\/media?parent=285"}],"curies":[{"name":"wp","href":"https:\/\/api.w.org\/{rel}","templated":true}]}}